{"id":7460,"date":"2022-01-28T12:40:59","date_gmt":"2022-01-28T12:40:59","guid":{"rendered":"http:\/\/pixel-studios.net\/clients\/aecprefab\/demo1\/?page_id=7460"},"modified":"2023-05-10T10:32:47","modified_gmt":"2023-05-10T08:32:47","slug":"structural-engineering","status":"publish","type":"page","link":"https:\/\/www.aecprefab.net\/no\/services\/structural-engineering\/","title":{"rendered":"Structural Engineering"},"content":{"rendered":"\t\t<div data-elementor-type=\"wp-page\" data-elementor-id=\"7460\" class=\"elementor elementor-7460\">\n\t\t\t\t\t\t\t\t\t<section class=\"elementor-section elementor-top-section elementor-element elementor-element-2ab60ce elementor-section-boxed elementor-section-height-default elementor-section-height-default\" data-id=\"2ab60ce\" data-element_type=\"section\" data-settings=\"{&quot;background_background&quot;:&quot;classic&quot;}\">\n\t\t\t\t\t\t<div class=\"elementor-container elementor-column-gap-default\">\n\t\t\t\t\t<div class=\"elementor-column elementor-col-100 elementor-top-column elementor-element elementor-element-a6404e8\" data-id=\"a6404e8\" data-element_type=\"column\">\n\t\t\t<div class=\"elementor-widget-wrap elementor-element-populated\">\n\t\t\t\t\t\t\t\t<section class=\"elementor-section elementor-inner-section elementor-element elementor-element-e945ff4 elementor-reverse-mobile elementor-section-content-middle elementor-section-boxed elementor-section-height-default elementor-section-height-default\" data-id=\"e945ff4\" data-element_type=\"section\">\n\t\t\t\t\t\t<div class=\"elementor-container elementor-column-gap-default\">\n\t\t\t\t\t<div class=\"elementor-column elementor-col-50 elementor-inner-column elementor-element elementor-element-d13a6d5\" data-id=\"d13a6d5\" data-element_type=\"column\">\n\t\t\t<div class=\"elementor-widget-wrap elementor-element-populated\">\n\t\t\t\t\t\t\t\t<div class=\"elementor-element elementor-element-11c42d6 elementor-widget elementor-widget-yprm_heading\" data-id=\"11c42d6\" data-element_type=\"widget\" data-settings=\"{&quot;heading_gradient&quot;:{&quot;gradient&quot;:&quot;&quot;},&quot;heading_accent_gradient&quot;:{&quot;gradient&quot;:&quot;&quot;}}\" data-widget_type=\"yprm_heading.default\">\n\t\t\t\t<div class=\"elementor-widget-container\">\n\t\t\t\t\t\t<h2 class=\"heading-block elementor-heading-block   \">\r\n\t\t\t\t<span class=\"div\">Konstruksjonsteknikk som f\u00f8lger prosjekteringsstandarder<\/span>\r\n\t\t\t<\/h2>\r\n\t\t\t\t<\/div>\n\t\t\t\t<\/div>\n\t\t\t\t<div class=\"elementor-element elementor-element-4d42d9c mar-bot-0 elementor-widget elementor-widget-text-editor\" data-id=\"4d42d9c\" data-element_type=\"widget\" data-widget_type=\"text-editor.default\">\n\t\t\t\t<div class=\"elementor-widget-container\">\n\t\t\t<style>\/*! elementor - v3.11.5 - 14-03-2023 *\/\n.elementor-widget-text-editor.elementor-drop-cap-view-stacked .elementor-drop-cap{background-color:#818a91;color:#fff}.elementor-widget-text-editor.elementor-drop-cap-view-framed .elementor-drop-cap{color:#818a91;border:3px solid;background-color:transparent}.elementor-widget-text-editor:not(.elementor-drop-cap-view-default) .elementor-drop-cap{margin-top:8px}.elementor-widget-text-editor:not(.elementor-drop-cap-view-default) .elementor-drop-cap-letter{width:1em;height:1em}.elementor-widget-text-editor .elementor-drop-cap{float:left;text-align:center;line-height:1;font-size:50px}.elementor-widget-text-editor .elementor-drop-cap-letter{display:inline-block}<\/style>\t\t\t\t<p>Konstruksjonsteknikk er alltid en sv\u00e6rt viktig del av ethvert\u00a0 byggeprosjekt. Gjennom dette arbeidet sikrer man en stabil bygningen som motst\u00e5r alle belastninger i tr\u00e5d med regelverket. AEC Prefab tilbyr omfattende prosjekteringstjenester, inkludert strukturanalyse med verifikasjon av komponenter og utarbeiding av tekniske detaljer. Dette sikrer at bygningene oppfyller de n\u00f8dvendige sikkerhetsniv\u00e5ene i samsvar med Eurokoder og nasjonale tillegg<\/p>\t\t\t\t\t\t<\/div>\n\t\t\t\t<\/div>\n\t\t\t\t<div class=\"elementor-element elementor-element-3891ecb elementor-widget elementor-widget-text-editor\" data-id=\"3891ecb\" data-element_type=\"widget\" data-widget_type=\"text-editor.default\">\n\t\t\t\t<div class=\"elementor-widget-container\">\n\t\t\t\t\t\t\t<p>Vi benytter ulike programvarer for \u00e5 prosjektere bygningskonstruksjoner av betong, st\u00e5l eller tre. Ofte planlegges en kombinasjon av disse materialene for \u00e5 lage sammensatte konstruksjoner. V\u00e5re prosjekteringstjenester dekker prefabrikkerte elementer og komponenter for prim\u00e6r og sekund\u00e6r lastb\u00e6rende strukturer. Vi utf\u00f8rer alle beregninger og leverer en strukturanalyserapport med tilh\u00f8rende detaljberegninger til v\u00e5re kunder for \u00e5 dokumentere arbeidet v\u00e5rt.<\/p>\t\t\t\t\t\t<\/div>\n\t\t\t\t<\/div>\n\t\t\t\t<div class=\"elementor-element elementor-element-86d5a5c mar-bot-0 elementor-widget elementor-widget-text-editor\" data-id=\"86d5a5c\" data-element_type=\"widget\" data-widget_type=\"text-editor.default\">\n\t\t\t\t<div class=\"elementor-widget-container\">\n\t\t\t\t\t\t\t<p>AEC Prefab sin m\u00e5lsetting er \u00e5 levere konstruksjonstekniske tjenester av h\u00f8yeste kvalitet. Vi gj\u00f8r det ved \u00e5 f\u00f8lge med i den teknologiske utviklingen og benytte framtidsrettede programvarer, hvor en integrert kvalitetsprosess er bygget inn i v\u00e5rt produksjonsstyringssystem. Enten du leter etter en enkelt l\u00f8sning eller en komplett pakke, har vi kompetanse til \u00e5 hjelpe deg.<\/p>\t\t\t\t\t\t<\/div>\n\t\t\t\t<\/div>\n\t\t\t\t<div class=\"elementor-element elementor-element-9041e4c mar-bot-0 elementor-widget elementor-widget-text-editor\" data-id=\"9041e4c\" data-element_type=\"widget\" data-widget_type=\"text-editor.default\">\n\t\t\t\t<div class=\"elementor-widget-container\">\n\t\t\t\t\t\t\t<p><strong>Prosjektering av lastb\u00e6rende struktur kan utf\u00f8res for leveranser av prefabrikkerte elementer og andre prim\u00e6re b\u00e6rende konstruksjoner, og leveransen omfatter normalt:<\/strong><\/p>\t\t\t\t\t\t<\/div>\n\t\t\t\t<\/div>\n\t\t\t\t<div class=\"elementor-element elementor-element-8f542b7 elementor-mobile-align-left elementor-align-left elementor-icon-list--layout-traditional elementor-list-item-link-full_width elementor-widget elementor-widget-icon-list\" data-id=\"8f542b7\" data-element_type=\"widget\" data-widget_type=\"icon-list.default\">\n\t\t\t\t<div class=\"elementor-widget-container\">\n\t\t\t<link rel=\"stylesheet\" href=\"https:\/\/www.aecprefab.net\/wp-content\/uploads\/elementor\/css\/custom-widget-icon-list.min.css?ver=1678890169\">\t\t<ul class=\"elementor-icon-list-items\">\n\t\t\t\t\t\t\t<li class=\"elementor-icon-list-item\">\n\t\t\t\t\t\t\t\t\t\t\t<span class=\"elementor-icon-list-icon\">\n\t\t\t\t\t\t\t<i aria-hidden=\"true\" class=\"ionicons ionicons-checkmark-circle-outline\"><\/i>\t\t\t\t\t\t<\/span>\n\t\t\t\t\t\t\t\t\t\t<span class=\"elementor-icon-list-text\">Strukturanalyse rapport<\/span>\n\t\t\t\t\t\t\t\t\t<\/li>\n\t\t\t\t\t\t\t\t<li class=\"elementor-icon-list-item\">\n\t\t\t\t\t\t\t\t\t\t\t<span class=\"elementor-icon-list-icon\">\n\t\t\t\t\t\t\t<i aria-hidden=\"true\" class=\"ionicons ionicons-checkmark-circle-outline\"><\/i>\t\t\t\t\t\t<\/span>\n\t\t\t\t\t\t\t\t\t\t<span class=\"elementor-icon-list-text\">Regneark for detaljberegning<\/span>\n\t\t\t\t\t\t\t\t\t<\/li>\n\t\t\t\t\t\t<\/ul>\n\t\t\t\t<\/div>\n\t\t\t\t<\/div>\n\t\t\t\t\t<\/div>\n\t\t<\/div>\n\t\t\t\t<div class=\"elementor-column elementor-col-50 elementor-inner-column elementor-element elementor-element-d36f955\" data-id=\"d36f955\" data-element_type=\"column\">\n\t\t\t<div class=\"elementor-widget-wrap elementor-element-populated\">\n\t\t\t\t\t\t\t\t<div class=\"elementor-element elementor-element-33b78b9 elementor-widget elementor-widget-yprm_side_image\" data-id=\"33b78b9\" data-element_type=\"widget\" data-widget_type=\"yprm_side_image.default\">\n\t\t\t\t<div class=\"elementor-widget-container\">\n\t\t\t\t\t\t<div class=\"side-img-block default stick-none\">\r\n\t\t\t\t\t\t\t\t<div class=\"images-row\">\r\n\t\t\t\t\t<div class=\"row\">\r\n\t\t\t\t\t\t\t\t\t\t\t\t\t<div class=\"image image1\">\r\n\t\t\t\t\t\t\t\t<div style=\"background-image: url(https:\/\/www.aecprefab.net\/no\/wp-content\/uploads\/2022\/02\/AdobeStock_291934001-scaled.jpeg);\"><\/div>\r\n\t\t\t\t\t\t\t<\/div>\r\n\t\t\t\t\t\t\t\t\t\t\t<\/div>\r\n\t\t\t\t<\/div>\r\n\t\t\t<\/div>\r\n\t\t\t\t<\/div>\n\t\t\t\t<\/div>\n\t\t\t\t\t<\/div>\n\t\t<\/div>\n\t\t\t\t\t\t\t<\/div>\n\t\t<\/section>\n\t\t\t\t\t<\/div>\n\t\t<\/div>\n\t\t\t\t\t\t\t<\/div>\n\t\t<\/section>\n\t\t\t\t<section class=\"elementor-section elementor-top-section elementor-element elementor-element-d400fcc dark-scheme elementor-section-boxed elementor-section-height-default elementor-section-height-default\" data-id=\"d400fcc\" data-element_type=\"section\">\n\t\t\t\t\t\t\t<div class=\"elementor-background-overlay\"><\/div>\n\t\t\t\t\t\t\t<div class=\"elementor-container elementor-column-gap-default\">\n\t\t\t\t\t<div class=\"elementor-column elementor-col-100 elementor-top-column elementor-element elementor-element-e6470e1\" data-id=\"e6470e1\" data-element_type=\"column\">\n\t\t\t<div class=\"elementor-widget-wrap elementor-element-populated\">\n\t\t\t\t\t\t\t\t<section class=\"elementor-section elementor-inner-section elementor-element elementor-element-a7a6b31 elementor-section-boxed elementor-section-height-default elementor-section-height-default\" data-id=\"a7a6b31\" data-element_type=\"section\">\n\t\t\t\t\t\t<div class=\"elementor-container elementor-column-gap-default\">\n\t\t\t\t\t<div class=\"elementor-column elementor-col-100 elementor-inner-column elementor-element elementor-element-f022af2\" data-id=\"f022af2\" data-element_type=\"column\">\n\t\t\t<div class=\"elementor-widget-wrap elementor-element-populated\">\n\t\t\t\t\t\t\t\t<div class=\"elementor-element elementor-element-d6c3e21 elementor-widget elementor-widget-yprm_heading\" data-id=\"d6c3e21\" data-element_type=\"widget\" data-settings=\"{&quot;heading_gradient&quot;:{&quot;gradient&quot;:&quot;&quot;},&quot;heading_accent_gradient&quot;:{&quot;gradient&quot;:&quot;&quot;}}\" data-widget_type=\"yprm_heading.default\">\n\t\t\t\t<div class=\"elementor-widget-container\">\n\t\t\t\t\t\t<h2 class=\"heading-block elementor-heading-block   \">\r\n\t\t\t\t<span class=\"div\">Har du sp\u00f8rsm\u00e5l?<br \/>\n<span>La oss diskutere prosjektet ditt.<\/span><\/span>\r\n\t\t\t<\/h2>\r\n\t\t\t\t<\/div>\n\t\t\t\t<\/div>\n\t\t\t\t\t<\/div>\n\t\t<\/div>\n\t\t\t\t\t\t\t<\/div>\n\t\t<\/section>\n\t\t\t\t<section class=\"elementor-section elementor-inner-section elementor-element elementor-element-74873f8 elementor-section-boxed elementor-section-height-default elementor-section-height-default\" data-id=\"74873f8\" data-element_type=\"section\">\n\t\t\t\t\t\t<div class=\"elementor-container elementor-column-gap-default\">\n\t\t\t\t\t<div class=\"elementor-column elementor-col-66 elementor-inner-column elementor-element elementor-element-a9c88ae\" data-id=\"a9c88ae\" data-element_type=\"column\">\n\t\t\t<div class=\"elementor-widget-wrap elementor-element-populated\">\n\t\t\t\t\t\t\t\t<div class=\"elementor-element elementor-element-77b4df3 elementor-widget elementor-widget-text-editor\" data-id=\"77b4df3\" data-element_type=\"widget\" data-widget_type=\"text-editor.default\">\n\t\t\t\t<div class=\"elementor-widget-container\">\n\t\t\t\t\t\t\t<span style=\"font-size: 20px; color: #808080;\">Komposittkonstruksjoner med en kombinasjon av armert betong, st\u00e5lkonstruksjoner, prefabrikert betong, CLT og rammeelementer sikrer rask stenging av bygningen, kortere byggeperioder og mindre risiko for prosjektet.<\/span>\t\t\t\t\t\t<\/div>\n\t\t\t\t<\/div>\n\t\t\t\t\t<\/div>\n\t\t<\/div>\n\t\t\t\t<div class=\"elementor-column elementor-col-33 elementor-inner-column elementor-element elementor-element-60e1d1d\" data-id=\"60e1d1d\" data-element_type=\"column\">\n\t\t\t<div class=\"elementor-widget-wrap elementor-element-populated\">\n\t\t\t\t\t\t\t\t<div class=\"elementor-element elementor-element-921ad52 elementor-widget elementor-widget-yprm_button\" data-id=\"921ad52\" data-element_type=\"widget\" data-widget_type=\"yprm_button.default\">\n\t\t\t\t<div class=\"elementor-widget-container\">\n\t\t\t\r\n\t\t<a class=\"button-elementor button-style4 type-bordered hover-zoom-in\" href=\"https:\/\/www.aecprefab.net\/no\/contact-us\/\" target=\"_self\" data-width-type=\"auto\">\r\n\t\t\t\t\t\t<span>Kontakt oss<\/span>\r\n\t\t\t<i class=\"ionicons ionicons-arrow-forward-outline\"><\/i>\t\t<\/a>\r\n\r\n\t\t\t\t<\/div>\n\t\t\t\t<\/div>\n\t\t\t\t\t<\/div>\n\t\t<\/div>\n\t\t\t\t\t\t\t<\/div>\n\t\t<\/section>\n\t\t\t\t\t<\/div>\n\t\t<\/div>\n\t\t\t\t\t\t\t<\/div>\n\t\t<\/section>\n\t\t\t\t\t\t\t<\/div>\n\t\t","protected":false},"excerpt":{"rendered":"<p>Konstruksjonsteknikk som f\u00f8lger prosjekteringsstandarder Konstruksjonsteknikk er alltid en sv\u00e6rt viktig del av ethvert\u00a0 byggeprosjekt. Gjennom dette arbeidet sikrer man en stabil bygningen som motst\u00e5r alle belastninger i tr\u00e5d med regelverket. AEC Prefab tilbyr omfattende prosjekteringstjenester, inkludert strukturanalyse med verifikasjon av komponenter og utarbeiding av tekniske detaljer. Dette sikrer at bygningene oppfyller de n\u00f8dvendige sikkerhetsniv\u00e5ene i [&hellip;]<\/p>\n","protected":false},"author":1,"featured_media":8117,"parent":7410,"menu_order":0,"comment_status":"closed","ping_status":"closed","template":"","meta":{"_eb_attr":"","footnotes":""},"class_list":["post-7460","page","type-page","status-publish","has-post-thumbnail","hentry"],"acf":[],"yoast_head":"<!-- This site is optimized with the Yoast SEO plugin v20.7 - https:\/\/yoast.com\/wordpress\/plugins\/seo\/ -->\n<title>Structural engineering firms, consultants &amp; design services<\/title>\n<meta name=\"description\" content=\"Aecprefab is one of the professional Structural Design engineering Firms with an aim to provide clients with our unique Structural design. You can achieve your vision without compromising on practicality and efficiency.\" \/>\n<meta name=\"robots\" content=\"index, follow, max-snippet:-1, max-image-preview:large, max-video-preview:-1\" \/>\n<link rel=\"canonical\" href=\"https:\/\/www.aecprefab.net\/services\/structural-engineering\/\" \/>\n<meta property=\"og:locale\" content=\"en_US\" \/>\n<meta property=\"og:type\" content=\"article\" \/>\n<meta property=\"og:title\" content=\"Structural engineering firms, consultants &amp; design services\" \/>\n<meta property=\"og:description\" content=\"Aecprefab is one of the professional Structural Design engineering Firms with an aim to provide clients with our unique Structural design. You can achieve your vision without compromising on practicality and efficiency.\" \/>\n<meta property=\"og:url\" content=\"https:\/\/www.aecprefab.net\/services\/structural-engineering\/\" \/>\n<meta property=\"og:site_name\" content=\"AECPrefab\" \/>\n<meta property=\"article:modified_time\" content=\"2023-05-10T08:32:47+00:00\" \/>\n<meta property=\"og:image\" content=\"https:\/\/www.aecprefab.net\/no\/wp-content\/uploads\/2022\/02\/structural-engineering-image1.jpg\" \/>\n\t<meta property=\"og:image:width\" content=\"1172\" \/>\n\t<meta property=\"og:image:height\" content=\"660\" \/>\n\t<meta property=\"og:image:type\" content=\"image\/jpeg\" \/>\n<meta name=\"twitter:card\" content=\"summary_large_image\" \/>\n<meta name=\"twitter:label1\" content=\"Est. reading time\" \/>\n\t<meta name=\"twitter:data1\" content=\"2 minutes\" \/>\n<script type=\"application\/ld+json\" class=\"yoast-schema-graph\">{\"@context\":\"https:\/\/schema.org\",\"@graph\":[{\"@type\":\"WebPage\",\"@id\":\"https:\/\/www.aecprefab.net\/no\/services\/structural-engineering\/\",\"url\":\"https:\/\/www.aecprefab.net\/services\/structural-engineering\/\",\"name\":\"Structural engineering firms, consultants & design services\",\"isPartOf\":{\"@id\":\"https:\/\/www.aecprefab.net\/no\/#website\"},\"datePublished\":\"2022-01-28T12:40:59+00:00\",\"dateModified\":\"2023-05-10T08:32:47+00:00\",\"description\":\"Aecprefab is one of the professional Structural Design engineering Firms with an aim to provide clients with our unique Structural design. You can achieve your vision without compromising on practicality and efficiency.\",\"breadcrumb\":{\"@id\":\"https:\/\/www.aecprefab.net\/services\/structural-engineering\/#breadcrumb\"},\"inLanguage\":\"en-US\",\"potentialAction\":[{\"@type\":\"ReadAction\",\"target\":[\"https:\/\/www.aecprefab.net\/services\/structural-engineering\/\"]}]},{\"@type\":\"BreadcrumbList\",\"@id\":\"https:\/\/www.aecprefab.net\/services\/structural-engineering\/#breadcrumb\",\"itemListElement\":[{\"@type\":\"ListItem\",\"position\":1,\"name\":\"Home\",\"item\":\"https:\/\/www.aecprefab.net\/no\/\"},{\"@type\":\"ListItem\",\"position\":2,\"name\":\"Services\",\"item\":\"https:\/\/www.aecprefab.net\/no\/services\/\"},{\"@type\":\"ListItem\",\"position\":3,\"name\":\"Structural Engineering\"}]},{\"@type\":\"WebSite\",\"@id\":\"https:\/\/www.aecprefab.net\/no\/#website\",\"url\":\"https:\/\/www.aecprefab.net\/no\/\",\"name\":\"AECPrefab\",\"description\":\"\",\"publisher\":{\"@id\":\"https:\/\/www.aecprefab.net\/no\/#organization\"},\"potentialAction\":[{\"@type\":\"SearchAction\",\"target\":{\"@type\":\"EntryPoint\",\"urlTemplate\":\"https:\/\/www.aecprefab.net\/no\/?s={search_term_string}\"},\"query-input\":\"required name=search_term_string\"}],\"inLanguage\":\"en-US\"},{\"@type\":\"Organization\",\"@id\":\"https:\/\/www.aecprefab.net\/no\/#organization\",\"name\":\"Aecprefab\",\"url\":\"https:\/\/www.aecprefab.net\/no\/\",\"logo\":{\"@type\":\"ImageObject\",\"inLanguage\":\"en-US\",\"@id\":\"https:\/\/www.aecprefab.net\/no\/#\/schema\/logo\/image\/\",\"url\":\"https:\/\/www.aecprefab.net\/wp-content\/uploads\/2022\/01\/AecPrefab-logo.png\",\"contentUrl\":\"https:\/\/www.aecprefab.net\/wp-content\/uploads\/2022\/01\/AecPrefab-logo.png\",\"width\":700,\"height\":230,\"caption\":\"Aecprefab\"},\"image\":{\"@id\":\"https:\/\/www.aecprefab.net\/no\/#\/schema\/logo\/image\/\"}}]}<\/script>\n<!-- \/ Yoast SEO plugin. -->","yoast_head_json":{"title":"Structural engineering firms, consultants & design services","description":"Aecprefab is one of the professional Structural Design engineering Firms with an aim to provide clients with our unique Structural design. You can achieve your vision without compromising on practicality and efficiency.","robots":{"index":"index","follow":"follow","max-snippet":"max-snippet:-1","max-image-preview":"max-image-preview:large","max-video-preview":"max-video-preview:-1"},"canonical":"https:\/\/www.aecprefab.net\/services\/structural-engineering\/","og_locale":"en_US","og_type":"article","og_title":"Structural engineering firms, consultants & design services","og_description":"Aecprefab is one of the professional Structural Design engineering Firms with an aim to provide clients with our unique Structural design. You can achieve your vision without compromising on practicality and efficiency.","og_url":"https:\/\/www.aecprefab.net\/services\/structural-engineering\/","og_site_name":"AECPrefab","article_modified_time":"2023-05-10T08:32:47+00:00","og_image":[{"width":1172,"height":660,"url":"https:\/\/www.aecprefab.net\/no\/wp-content\/uploads\/2022\/02\/structural-engineering-image1.jpg","type":"image\/jpeg"}],"twitter_card":"summary_large_image","twitter_misc":{"Est. reading time":"2 minutes"},"schema":{"@context":"https:\/\/schema.org","@graph":[{"@type":"WebPage","@id":"https:\/\/www.aecprefab.net\/no\/services\/structural-engineering\/","url":"https:\/\/www.aecprefab.net\/services\/structural-engineering\/","name":"Structural engineering firms, consultants & design services","isPartOf":{"@id":"https:\/\/www.aecprefab.net\/no\/#website"},"datePublished":"2022-01-28T12:40:59+00:00","dateModified":"2023-05-10T08:32:47+00:00","description":"Aecprefab is one of the professional Structural Design engineering Firms with an aim to provide clients with our unique Structural design. You can achieve your vision without compromising on practicality and efficiency.","breadcrumb":{"@id":"https:\/\/www.aecprefab.net\/services\/structural-engineering\/#breadcrumb"},"inLanguage":"en-US","potentialAction":[{"@type":"ReadAction","target":["https:\/\/www.aecprefab.net\/services\/structural-engineering\/"]}]},{"@type":"BreadcrumbList","@id":"https:\/\/www.aecprefab.net\/services\/structural-engineering\/#breadcrumb","itemListElement":[{"@type":"ListItem","position":1,"name":"Home","item":"https:\/\/www.aecprefab.net\/no\/"},{"@type":"ListItem","position":2,"name":"Services","item":"https:\/\/www.aecprefab.net\/no\/services\/"},{"@type":"ListItem","position":3,"name":"Structural Engineering"}]},{"@type":"WebSite","@id":"https:\/\/www.aecprefab.net\/no\/#website","url":"https:\/\/www.aecprefab.net\/no\/","name":"AECPrefab","description":"","publisher":{"@id":"https:\/\/www.aecprefab.net\/no\/#organization"},"potentialAction":[{"@type":"SearchAction","target":{"@type":"EntryPoint","urlTemplate":"https:\/\/www.aecprefab.net\/no\/?s={search_term_string}"},"query-input":"required name=search_term_string"}],"inLanguage":"en-US"},{"@type":"Organization","@id":"https:\/\/www.aecprefab.net\/no\/#organization","name":"Aecprefab","url":"https:\/\/www.aecprefab.net\/no\/","logo":{"@type":"ImageObject","inLanguage":"en-US","@id":"https:\/\/www.aecprefab.net\/no\/#\/schema\/logo\/image\/","url":"https:\/\/www.aecprefab.net\/wp-content\/uploads\/2022\/01\/AecPrefab-logo.png","contentUrl":"https:\/\/www.aecprefab.net\/wp-content\/uploads\/2022\/01\/AecPrefab-logo.png","width":700,"height":230,"caption":"Aecprefab"},"image":{"@id":"https:\/\/www.aecprefab.net\/no\/#\/schema\/logo\/image\/"}}]}},"_links":{"self":[{"href":"https:\/\/www.aecprefab.net\/no\/wp-json\/wp\/v2\/pages\/7460","targetHints":{"allow":["GET"]}}],"collection":[{"href":"https:\/\/www.aecprefab.net\/no\/wp-json\/wp\/v2\/pages"}],"about":[{"href":"https:\/\/www.aecprefab.net\/no\/wp-json\/wp\/v2\/types\/page"}],"author":[{"embeddable":true,"href":"https:\/\/www.aecprefab.net\/no\/wp-json\/wp\/v2\/users\/1"}],"replies":[{"embeddable":true,"href":"https:\/\/www.aecprefab.net\/no\/wp-json\/wp\/v2\/comments?post=7460"}],"version-history":[{"count":260,"href":"https:\/\/www.aecprefab.net\/no\/wp-json\/wp\/v2\/pages\/7460\/revisions"}],"predecessor-version":[{"id":10771,"href":"https:\/\/www.aecprefab.net\/no\/wp-json\/wp\/v2\/pages\/7460\/revisions\/10771"}],"up":[{"embeddable":true,"href":"https:\/\/www.aecprefab.net\/no\/wp-json\/wp\/v2\/pages\/7410"}],"wp:featuredmedia":[{"embeddable":true,"href":"https:\/\/www.aecprefab.net\/no\/wp-json\/wp\/v2\/media\/8117"}],"wp:attachment":[{"href":"https:\/\/www.aecprefab.net\/no\/wp-json\/wp\/v2\/media?parent=7460"}],"curies":[{"name":"wp","href":"https:\/\/api.w.org\/{rel}","templated":true}]}}